{"id":8,"date":"2022-07-29T10:23:36","date_gmt":"2022-07-29T08:23:36","guid":{"rendered":"https:\/\/amasophro.fr\/?page_id=8"},"modified":"2023-10-11T11:24:09","modified_gmt":"2023-10-11T09:24:09","slug":"index","status":"publish","type":"page","link":"https:\/\/amasophro.fr\/","title":{"rendered":"Bienvenue sur le site de\u00a0Sophie Sirop"},"content":{"rendered":"\t\t<div data-elementor-type=\"wp-page\" data-elementor-id=\"8\" class=\"elementor elementor-8\">\n\t\t\t\t\t\t<section class=\"elementor-section elementor-top-section elementor-element elementor-element-0292cdf elementor-section-boxed elementor-section-height-default elementor-section-height-default\" data-id=\"0292cdf\" data-element_type=\"section\">\n\t\t\t\t\t\t<div class=\"elementor-container elementor-column-gap-default\">\n\t\t\t\t\t<div class=\"elementor-column elementor-col-100 elementor-top-column elementor-element elementor-element-f5b8a92\" data-id=\"f5b8a92\" data-element_type=\"column\">\n\t\t\t<div class=\"elementor-widget-wrap elementor-element-populated\">\n\t\t\t\t\t\t<div class=\"elementor-element elementor-element-1d662dc elementor-invisible elementor-widget elementor-widget-heading\" data-id=\"1d662dc\" data-element_type=\"widget\" data-settings=\"{&quot;_animation&quot;:&quot;zoomIn&quot;}\" data-widget_type=\"heading.default\">\n\t\t\t\t<div class=\"elementor-widget-container\">\n\t\t\t\t\t<h3 class=\"elementor-heading-title elementor-size-default\">Bienvenue sur la page de Sophie Sirop Sophrologue<\/h3>\t\t\t\t<\/div>\n\t\t\t\t<\/div>\n\t\t\t\t<section class=\"elementor-section elementor-inner-section elementor-element elementor-element-500f7fb elementor-section-boxed elementor-section-height-default elementor-section-height-default\" data-id=\"500f7fb\" data-element_type=\"section\">\n\t\t\t\t\t\t<div class=\"elementor-container elementor-column-gap-default\">\n\t\t\t\t\t<div class=\"elementor-column elementor-col-50 elementor-inner-column elementor-element elementor-element-1f039f2\" data-id=\"1f039f2\" data-element_type=\"column\">\n\t\t\t<div class=\"elementor-widget-wrap elementor-element-populated\">\n\t\t\t\t\t\t<div class=\"elementor-element elementor-element-cf2eef6 elementor-widget elementor-widget-text-editor\" data-id=\"cf2eef6\" data-element_type=\"widget\" data-widget_type=\"text-editor.default\">\n\t\t\t\t<div class=\"elementor-widget-container\">\n\t\t\t\t\t\t\t\t\t<div id=\"WRchTxt1\" class=\"_1Q9if _3bcaz\" data-testid=\"richTextElement\">\n<p class=\"font_7\">06 20 84 90 35<\/p><\/div>\t\t\t\t\t\t\t\t<\/div>\n\t\t\t\t<\/div>\n\t\t\t\t\t<\/div>\n\t\t<\/div>\n\t\t\t\t<div class=\"elementor-column elementor-col-50 elementor-inner-column elementor-element elementor-element-a65dc5d\" data-id=\"a65dc5d\" data-element_type=\"column\">\n\t\t\t<div class=\"elementor-widget-wrap elementor-element-populated\">\n\t\t\t\t\t\t<div class=\"elementor-element elementor-element-c1315bb elementor-invisible elementor-widget elementor-widget-text-editor\" data-id=\"c1315bb\" data-element_type=\"widget\" data-settings=\"{&quot;_animation&quot;:&quot;fadeIn&quot;}\" data-widget_type=\"text-editor.default\">\n\t\t\t\t<div class=\"elementor-widget-container\">\n\t\t\t\t\t\t\t\t\t<a  <!-- RESALIB BADGE -->\n    <script>(function(d, s, id) {\n    var js, fjs = d.getElementsByTagName(s)[0];\n    if (d.getElementById(id)) return;\n    js = d.createElement(s); js.id = id;\n    js.src = \"https:\/\/www.resalib.fr\/script\/70178\/badge.js\";\n    fjs.parentNode.insertBefore(js, fjs);\n    }(document, \"script\", \"resalib-sdk\"));\n    <\/script>\n    <div class=\"rlb-badge bottom-right\">\n    <a target=\"_blank\" href=\"https:\/\/www.resalib.fr\/praticien\/70178-sophie-sirop-sophrologue-charenton-le-pont\">Retrouvez Sophie Sirop  sur Resalib : annuaire, r\u00e9f\u00e9rencement et prise de rendez-vous pour les Sophrologues<\/a>\n    <\/div>\n    <!-- RESALIB BADGE --><\/a>\t\t\t\t\t\t\t\t<\/div>\n\t\t\t\t<\/div>\n\t\t\t\t\t<\/div>\n\t\t<\/div>\n\t\t\t\t\t<\/div>\n\t\t<\/section>\n\t\t\t\t\t<\/div>\n\t\t<\/div>\n\t\t\t\t\t<\/div>\n\t\t<\/section>\n\t\t\t\t<section class=\"elementor-section elementor-top-section elementor-element elementor-element-32c0f86 elementor-section-boxed elementor-section-height-default elementor-section-height-default\" data-id=\"32c0f86\" data-element_type=\"section\">\n\t\t\t\t\t\t<div class=\"elementor-container elementor-column-gap-default\">\n\t\t\t\t\t<div class=\"elementor-column elementor-col-100 elementor-top-column elementor-element elementor-element-c346647\" data-id=\"c346647\" data-element_type=\"column\">\n\t\t\t<div class=\"elementor-widget-wrap elementor-element-populated\">\n\t\t\t\t\t\t<div class=\"elementor-element elementor-element-841b9ce elementor-widget elementor-widget-image\" data-id=\"841b9ce\" data-element_type=\"widget\" data-widget_type=\"image.default\">\n\t\t\t\t<div class=\"elementor-widget-container\">\n\t\t\t\t\t\t\t\t\t\t\t\t\t\t\t<img fetchpriority=\"high\" decoding=\"async\" width=\"903\" height=\"358\" src=\"https:\/\/amasophro.fr\/wp-content\/uploads\/2022\/07\/ecouter.webp\" class=\"attachment-full size-full wp-image-16\" alt=\"\" srcset=\"https:\/\/amasophro.fr\/wp-content\/uploads\/2022\/07\/ecouter.webp 903w, https:\/\/amasophro.fr\/wp-content\/uploads\/2022\/07\/ecouter-300x119.webp 300w, https:\/\/amasophro.fr\/wp-content\/uploads\/2022\/07\/ecouter-768x304.webp 768w\" sizes=\"(max-width: 903px) 100vw, 903px\" \/>\t\t\t\t\t\t\t\t\t\t\t\t\t\t\t<\/div>\n\t\t\t\t<\/div>\n\t\t\t\t\t<\/div>\n\t\t<\/div>\n\t\t\t\t\t<\/div>\n\t\t<\/section>\n\t\t\t\t<section class=\"elementor-section elementor-top-section elementor-element elementor-element-3a8ae34 elementor-section-boxed elementor-section-height-default elementor-section-height-default\" data-id=\"3a8ae34\" data-element_type=\"section\">\n\t\t\t\t\t\t<div class=\"elementor-container elementor-column-gap-default\">\n\t\t\t\t\t<div class=\"elementor-column elementor-col-50 elementor-top-column elementor-element elementor-element-f41b1de\" data-id=\"f41b1de\" data-element_type=\"column\">\n\t\t\t<div class=\"elementor-widget-wrap elementor-element-populated\">\n\t\t\t\t\t\t<div class=\"elementor-element elementor-element-fd510ff elementor-widget elementor-widget-text-editor\" data-id=\"fd510ff\" data-element_type=\"widget\" data-widget_type=\"text-editor.default\">\n\t\t\t\t<div class=\"elementor-widget-container\">\n\t\t\t\t\t\t\t\t\t<p>En pratiquant la sophrologie trouvez ou retrouvez une d\u00e9tente corporelle, mentale et \u00e9motionnelle que vous recherchez.Gr\u00e2ce \u00e0 la respiration, oxyg\u00e9nez votre corps, optimisez votre concentration, contr\u00f4lez vos \u00e9motions.<br \/><br \/>Avec la d\u00e9tente musculaire diminuez vos tensions physiques et mentales, relaxez-vous.<br \/>Par la visualisation positive prenez conscience de votre potentiel et de vos capacit\u00e9s.<br \/>En harmonisant la relation corps-esprit, la sophrologie vous servira \u00e0 trouver un \u00e9quilibre entre vos \u00e9motions, vos pens\u00e9es et vos comportements.<br \/>Pour r\u00e9pondre \u00e0 votre demande et vous accompagner \u00e0 atteindre votre objectif, je vous proposerai des s\u00e9ances dont les exercices respecteront votre personnalit\u00e9, vos ressources. L&#8217;usage de cet accompagnement sera th\u00e9rapeutique ou de d\u00e9veloppement personnel..<br \/>\u00ab Le meilleur moment pour vous relaxer est quand vous n\u2019avez pas le temps de le faire \u00bb<\/p>\t\t\t\t\t\t\t\t<\/div>\n\t\t\t\t<\/div>\n\t\t\t\t<div class=\"elementor-element elementor-element-67b14c8 elementor-invisible elementor-widget elementor-widget-image\" data-id=\"67b14c8\" data-element_type=\"widget\" data-settings=\"{&quot;_animation&quot;:&quot;rotateIn&quot;}\" data-widget_type=\"image.default\">\n\t\t\t\t<div class=\"elementor-widget-container\">\n\t\t\t\t\t\t\t\t\t\t\t\t\t\t\t<img decoding=\"async\" width=\"287\" height=\"300\" src=\"https:\/\/amasophro.fr\/wp-content\/uploads\/2022\/07\/post-it_heureux-287x300.jpg\" class=\"attachment-medium size-medium wp-image-51\" alt=\"\" srcset=\"https:\/\/amasophro.fr\/wp-content\/uploads\/2022\/07\/post-it_heureux-287x300.jpg 287w, https:\/\/amasophro.fr\/wp-content\/uploads\/2022\/07\/post-it_heureux.jpg 455w\" sizes=\"(max-width: 287px) 100vw, 287px\" \/>\t\t\t\t\t\t\t\t\t\t\t\t\t\t\t<\/div>\n\t\t\t\t<\/div>\n\t\t\t\t\t<\/div>\n\t\t<\/div>\n\t\t\t\t<div class=\"elementor-column elementor-col-50 elementor-top-column elementor-element elementor-element-5d40d52\" data-id=\"5d40d52\" data-element_type=\"column\">\n\t\t\t<div class=\"elementor-widget-wrap elementor-element-populated\">\n\t\t\t\t\t\t<div class=\"elementor-element elementor-element-5c56c2a elementor-widget elementor-widget-text-editor\" data-id=\"5c56c2a\" data-element_type=\"widget\" data-widget_type=\"text-editor.default\">\n\t\t\t\t<div class=\"elementor-widget-container\">\n\t\t\t\t\t\t\t\t\t<p>La sophrologie est la science de l&#8217;esprit harmonieux<\/p><p class=\"font_8\">C\u2019est Alfonso Caycedo neuropsychiatre qui cr\u00e9a la Sophrologie en alliant diff\u00e9rentes techniques et m\u00e9thodes venant d\u2019occident et d\u2019orient tels que l\u2019hypnose,\u00a0la psychanalyse, le yoga indien et tib\u00e9tain, le zen japonais, la relaxation, la psychologie, la relaxation et l\u2019autosuggestion.<br \/>M\u00ealant ces concepts, il propose en 1960 les premi\u00e8res s\u00e9ances de sophrologie en compl\u00e9ment d\u2019autres traitements \u00e0 ses patients<\/p>\t\t\t\t\t\t\t\t<\/div>\n\t\t\t\t<\/div>\n\t\t\t\t<div class=\"elementor-element elementor-element-86fd7c6 elementor-invisible elementor-widget elementor-widget-image\" data-id=\"86fd7c6\" data-element_type=\"widget\" data-settings=\"{&quot;_animation&quot;:&quot;bounceInRight&quot;}\" data-widget_type=\"image.default\">\n\t\t\t\t<div class=\"elementor-widget-container\">\n\t\t\t\t\t\t\t\t\t\t\t\t\t\t\t<img decoding=\"async\" width=\"413\" height=\"796\" src=\"https:\/\/amasophro.fr\/wp-content\/uploads\/2022\/07\/tatasoso.webp\" class=\"attachment-medium_large size-medium_large wp-image-70\" alt=\"\" srcset=\"https:\/\/amasophro.fr\/wp-content\/uploads\/2022\/07\/tatasoso.webp 413w, https:\/\/amasophro.fr\/wp-content\/uploads\/2022\/07\/tatasoso-156x300.webp 156w\" sizes=\"(max-width: 413px) 100vw, 413px\" \/>\t\t\t\t\t\t\t\t\t\t\t\t\t\t\t<\/div>\n\t\t\t\t<\/div>\n\t\t\t\t<div class=\"elementor-element elementor-element-f8c7fe4 elementor-widget elementor-widget-text-editor\" data-id=\"f8c7fe4\" data-element_type=\"widget\" data-widget_type=\"text-editor.default\">\n\t\t\t\t<div class=\"elementor-widget-container\">\n\t\t\t\t\t\t\t\t\t<p>Sophie Sirop votre sophrologue<\/p>\t\t\t\t\t\t\t\t<\/div>\n\t\t\t\t<\/div>\n\t\t\t\t\t<\/div>\n\t\t<\/div>\n\t\t\t\t\t<\/div>\n\t\t<\/section>\n\t\t\t\t<\/div>\n\t\t","protected":false},"excerpt":{"rendered":"<p>Bienvenue sur la page de Sophie Sirop Sophrologue 06 20 84 90 35<\/p>\n","protected":false},"author":1,"featured_media":0,"parent":0,"menu_order":0,"comment_status":"closed","ping_status":"closed","template":"elementor_canvas","meta":{"footnotes":""},"class_list":["post-8","page","type-page","status-publish","hentry"],"yoast_head":"<!-- This site is optimized with the Yoast SEO plugin v24.9 - https:\/\/yoast.com\/wordpress\/plugins\/seo\/ -->\n<title>Bienvenue sur le site de\u00a0Sophie Sirop - Bienvenue sur le site de Sophie Sirop<\/title>\n<meta name=\"description\" content=\"Sophie Sirop : Le choix de la sophrologie s\u2019est impos\u00e9 \u00e0 moi comme une \u00e9vidence et je suivis ma formation \u00e0 l\u2019Institut de Formation \u00e0 la Sophrologie de Paris X\u00e8me. Convaincue que chaque personne poss\u00e8de en elle les solutions \u00e0 ses difficult\u00e9s, je vous propose aujourd\u2019hui de vous accompagner dans votre objectif avec bienveillance en respectant les principes et le code d\u00e9ontologique de la profession. Je suis certifi\u00e9e sophrologue enregistr\u00e9e au RNCP et \u00e9galement membre de la chambre syndicale de la sophrologie \u00ab Accompagner quelqu\u2019un, c\u2019est se placer, ni devant, ni derri\u00e8re, ni \u00e0 sa place. C\u2019est \u00eatre \u00e0 c\u00f4t\u00e9 \u00bbJoseph Templier\" \/>\n<meta name=\"robots\" content=\"index, follow, max-snippet:-1, max-image-preview:large, max-video-preview:-1\" \/>\n<link rel=\"canonical\" href=\"https:\/\/amasophro.fr\/\" \/>\n<meta property=\"og:locale\" content=\"en_US\" \/>\n<meta property=\"og:type\" content=\"article\" \/>\n<meta property=\"og:title\" content=\"Bienvenue sur le site de\u00a0Sophie Sirop - Bienvenue sur le site de Sophie Sirop\" \/>\n<meta property=\"og:description\" content=\"Sophie Sirop : Le choix de la sophrologie s\u2019est impos\u00e9 \u00e0 moi comme une \u00e9vidence et je suivis ma formation \u00e0 l\u2019Institut de Formation \u00e0 la Sophrologie de Paris X\u00e8me. Convaincue que chaque personne poss\u00e8de en elle les solutions \u00e0 ses difficult\u00e9s, je vous propose aujourd\u2019hui de vous accompagner dans votre objectif avec bienveillance en respectant les principes et le code d\u00e9ontologique de la profession. Je suis certifi\u00e9e sophrologue enregistr\u00e9e au RNCP et \u00e9galement membre de la chambre syndicale de la sophrologie \u00ab Accompagner quelqu\u2019un, c\u2019est se placer, ni devant, ni derri\u00e8re, ni \u00e0 sa place. C\u2019est \u00eatre \u00e0 c\u00f4t\u00e9 \u00bbJoseph Templier\" \/>\n<meta property=\"og:url\" content=\"https:\/\/amasophro.fr\/\" \/>\n<meta property=\"og:site_name\" content=\"Bienvenue sur le site de Sophie Sirop\" \/>\n<meta property=\"article:modified_time\" content=\"2023-10-11T09:24:09+00:00\" \/>\n<meta property=\"og:image\" content=\"https:\/\/amasophro.fr\/wp-content\/uploads\/2022\/07\/ecouter.webp\" \/>\n<meta name=\"twitter:card\" content=\"summary_large_image\" \/>\n<meta name=\"twitter:label1\" content=\"Est. reading time\" \/>\n\t<meta name=\"twitter:data1\" content=\"2 minutes\" \/>\n<script type=\"application\/ld+json\" class=\"yoast-schema-graph\">{\"@context\":\"https:\/\/schema.org\",\"@graph\":[{\"@type\":\"WebPage\",\"@id\":\"https:\/\/amasophro.fr\/\",\"url\":\"https:\/\/amasophro.fr\/\",\"name\":\"Bienvenue sur le site de\u00a0Sophie Sirop - Bienvenue sur le site de Sophie Sirop\",\"isPartOf\":{\"@id\":\"https:\/\/amasophro.fr\/#website\"},\"primaryImageOfPage\":{\"@id\":\"https:\/\/amasophro.fr\/#primaryimage\"},\"image\":{\"@id\":\"https:\/\/amasophro.fr\/#primaryimage\"},\"thumbnailUrl\":\"https:\/\/amasophro.fr\/wp-content\/uploads\/2022\/07\/ecouter.webp\",\"datePublished\":\"2022-07-29T08:23:36+00:00\",\"dateModified\":\"2023-10-11T09:24:09+00:00\",\"description\":\"Sophie Sirop : Le choix de la sophrologie s\u2019est impos\u00e9 \u00e0 moi comme une \u00e9vidence et je suivis ma formation \u00e0 l\u2019Institut de Formation \u00e0 la Sophrologie de Paris X\u00e8me. Convaincue que chaque personne poss\u00e8de en elle les solutions \u00e0 ses difficult\u00e9s, je vous propose aujourd\u2019hui de vous accompagner dans votre objectif avec bienveillance en respectant les principes et le code d\u00e9ontologique de la profession. Je suis certifi\u00e9e sophrologue enregistr\u00e9e au RNCP et \u00e9galement membre de la chambre syndicale de la sophrologie \u00ab Accompagner quelqu\u2019un, c\u2019est se placer, ni devant, ni derri\u00e8re, ni \u00e0 sa place. C\u2019est \u00eatre \u00e0 c\u00f4t\u00e9 \u00bbJoseph Templier\",\"breadcrumb\":{\"@id\":\"https:\/\/amasophro.fr\/#breadcrumb\"},\"inLanguage\":\"en-US\",\"potentialAction\":[{\"@type\":\"ReadAction\",\"target\":[\"https:\/\/amasophro.fr\/\"]}]},{\"@type\":\"ImageObject\",\"inLanguage\":\"en-US\",\"@id\":\"https:\/\/amasophro.fr\/#primaryimage\",\"url\":\"https:\/\/amasophro.fr\/wp-content\/uploads\/2022\/07\/ecouter.webp\",\"contentUrl\":\"https:\/\/amasophro.fr\/wp-content\/uploads\/2022\/07\/ecouter.webp\",\"width\":903,\"height\":358},{\"@type\":\"BreadcrumbList\",\"@id\":\"https:\/\/amasophro.fr\/#breadcrumb\",\"itemListElement\":[{\"@type\":\"ListItem\",\"position\":1,\"name\":\"Accueil\",\"item\":\"https:\/\/amasophro.fr\/\"},{\"@type\":\"ListItem\",\"position\":2,\"name\":\"Bienvenue sur le site de\u00a0Sophie Sirop\"}]},{\"@type\":\"WebSite\",\"@id\":\"https:\/\/amasophro.fr\/#website\",\"url\":\"https:\/\/amasophro.fr\/\",\"name\":\"Bienvenue sur le site de Sophie Sirop\",\"description\":\"Sophrologue Paris 75\",\"potentialAction\":[{\"@type\":\"SearchAction\",\"target\":{\"@type\":\"EntryPoint\",\"urlTemplate\":\"https:\/\/amasophro.fr\/?s={search_term_string}\"},\"query-input\":{\"@type\":\"PropertyValueSpecification\",\"valueRequired\":true,\"valueName\":\"search_term_string\"}}],\"inLanguage\":\"en-US\"}]}<\/script>\n<!-- \/ Yoast SEO plugin. -->","yoast_head_json":{"title":"Bienvenue sur le site de\u00a0Sophie Sirop - Bienvenue sur le site de Sophie Sirop","description":"Sophie Sirop : Le choix de la sophrologie s\u2019est impos\u00e9 \u00e0 moi comme une \u00e9vidence et je suivis ma formation \u00e0 l\u2019Institut de Formation \u00e0 la Sophrologie de Paris X\u00e8me. Convaincue que chaque personne poss\u00e8de en elle les solutions \u00e0 ses difficult\u00e9s, je vous propose aujourd\u2019hui de vous accompagner dans votre objectif avec bienveillance en respectant les principes et le code d\u00e9ontologique de la profession. Je suis certifi\u00e9e sophrologue enregistr\u00e9e au RNCP et \u00e9galement membre de la chambre syndicale de la sophrologie \u00ab Accompagner quelqu\u2019un, c\u2019est se placer, ni devant, ni derri\u00e8re, ni \u00e0 sa place. C\u2019est \u00eatre \u00e0 c\u00f4t\u00e9 \u00bbJoseph Templier","robots":{"index":"index","follow":"follow","max-snippet":"max-snippet:-1","max-image-preview":"max-image-preview:large","max-video-preview":"max-video-preview:-1"},"canonical":"https:\/\/amasophro.fr\/","og_locale":"en_US","og_type":"article","og_title":"Bienvenue sur le site de\u00a0Sophie Sirop - Bienvenue sur le site de Sophie Sirop","og_description":"Sophie Sirop : Le choix de la sophrologie s\u2019est impos\u00e9 \u00e0 moi comme une \u00e9vidence et je suivis ma formation \u00e0 l\u2019Institut de Formation \u00e0 la Sophrologie de Paris X\u00e8me. Convaincue que chaque personne poss\u00e8de en elle les solutions \u00e0 ses difficult\u00e9s, je vous propose aujourd\u2019hui de vous accompagner dans votre objectif avec bienveillance en respectant les principes et le code d\u00e9ontologique de la profession. Je suis certifi\u00e9e sophrologue enregistr\u00e9e au RNCP et \u00e9galement membre de la chambre syndicale de la sophrologie \u00ab Accompagner quelqu\u2019un, c\u2019est se placer, ni devant, ni derri\u00e8re, ni \u00e0 sa place. C\u2019est \u00eatre \u00e0 c\u00f4t\u00e9 \u00bbJoseph Templier","og_url":"https:\/\/amasophro.fr\/","og_site_name":"Bienvenue sur le site de Sophie Sirop","article_modified_time":"2023-10-11T09:24:09+00:00","og_image":[{"url":"https:\/\/amasophro.fr\/wp-content\/uploads\/2022\/07\/ecouter.webp","type":"","width":"","height":""}],"twitter_card":"summary_large_image","twitter_misc":{"Est. reading time":"2 minutes"},"schema":{"@context":"https:\/\/schema.org","@graph":[{"@type":"WebPage","@id":"https:\/\/amasophro.fr\/","url":"https:\/\/amasophro.fr\/","name":"Bienvenue sur le site de\u00a0Sophie Sirop - Bienvenue sur le site de Sophie Sirop","isPartOf":{"@id":"https:\/\/amasophro.fr\/#website"},"primaryImageOfPage":{"@id":"https:\/\/amasophro.fr\/#primaryimage"},"image":{"@id":"https:\/\/amasophro.fr\/#primaryimage"},"thumbnailUrl":"https:\/\/amasophro.fr\/wp-content\/uploads\/2022\/07\/ecouter.webp","datePublished":"2022-07-29T08:23:36+00:00","dateModified":"2023-10-11T09:24:09+00:00","description":"Sophie Sirop : Le choix de la sophrologie s\u2019est impos\u00e9 \u00e0 moi comme une \u00e9vidence et je suivis ma formation \u00e0 l\u2019Institut de Formation \u00e0 la Sophrologie de Paris X\u00e8me. Convaincue que chaque personne poss\u00e8de en elle les solutions \u00e0 ses difficult\u00e9s, je vous propose aujourd\u2019hui de vous accompagner dans votre objectif avec bienveillance en respectant les principes et le code d\u00e9ontologique de la profession. Je suis certifi\u00e9e sophrologue enregistr\u00e9e au RNCP et \u00e9galement membre de la chambre syndicale de la sophrologie \u00ab Accompagner quelqu\u2019un, c\u2019est se placer, ni devant, ni derri\u00e8re, ni \u00e0 sa place. C\u2019est \u00eatre \u00e0 c\u00f4t\u00e9 \u00bbJoseph Templier","breadcrumb":{"@id":"https:\/\/amasophro.fr\/#breadcrumb"},"inLanguage":"en-US","potentialAction":[{"@type":"ReadAction","target":["https:\/\/amasophro.fr\/"]}]},{"@type":"ImageObject","inLanguage":"en-US","@id":"https:\/\/amasophro.fr\/#primaryimage","url":"https:\/\/amasophro.fr\/wp-content\/uploads\/2022\/07\/ecouter.webp","contentUrl":"https:\/\/amasophro.fr\/wp-content\/uploads\/2022\/07\/ecouter.webp","width":903,"height":358},{"@type":"BreadcrumbList","@id":"https:\/\/amasophro.fr\/#breadcrumb","itemListElement":[{"@type":"ListItem","position":1,"name":"Accueil","item":"https:\/\/amasophro.fr\/"},{"@type":"ListItem","position":2,"name":"Bienvenue sur le site de\u00a0Sophie Sirop"}]},{"@type":"WebSite","@id":"https:\/\/amasophro.fr\/#website","url":"https:\/\/amasophro.fr\/","name":"Bienvenue sur le site de Sophie Sirop","description":"Sophrologue Paris 75","potentialAction":[{"@type":"SearchAction","target":{"@type":"EntryPoint","urlTemplate":"https:\/\/amasophro.fr\/?s={search_term_string}"},"query-input":{"@type":"PropertyValueSpecification","valueRequired":true,"valueName":"search_term_string"}}],"inLanguage":"en-US"}]}},"_links":{"self":[{"href":"https:\/\/amasophro.fr\/index.php\/wp-json\/wp\/v2\/pages\/8","targetHints":{"allow":["GET"]}}],"collection":[{"href":"https:\/\/amasophro.fr\/index.php\/wp-json\/wp\/v2\/pages"}],"about":[{"href":"https:\/\/amasophro.fr\/index.php\/wp-json\/wp\/v2\/types\/page"}],"author":[{"embeddable":true,"href":"https:\/\/amasophro.fr\/index.php\/wp-json\/wp\/v2\/users\/1"}],"replies":[{"embeddable":true,"href":"https:\/\/amasophro.fr\/index.php\/wp-json\/wp\/v2\/comments?post=8"}],"version-history":[{"count":58,"href":"https:\/\/amasophro.fr\/index.php\/wp-json\/wp\/v2\/pages\/8\/revisions"}],"predecessor-version":[{"id":94,"href":"https:\/\/amasophro.fr\/index.php\/wp-json\/wp\/v2\/pages\/8\/revisions\/94"}],"wp:attachment":[{"href":"https:\/\/amasophro.fr\/index.php\/wp-json\/wp\/v2\/media?parent=8"}],"curies":[{"name":"wp","href":"https:\/\/api.w.org\/{rel}","templated":true}]}}